{"id":809,"date":"2024-09-17T14:40:39","date_gmt":"2024-09-17T14:40:39","guid":{"rendered":"https:\/\/toni.muwit.net\/impressum\/"},"modified":"2026-04-01T16:48:37","modified_gmt":"2026-04-01T16:48:37","slug":"colophon","status":"publish","type":"page","link":"https:\/\/www.karosserie-toni.it\/it\/colophon\/","title":{"rendered":"Impressum"},"content":{"rendered":"\t\t<div data-elementor-type=\"wp-page\" data-elementor-id=\"809\" class=\"elementor elementor-809 elementor-512\" data-elementor-post-type=\"page\">\n\t\t\t\t<section class=\"elementor-element elementor-element-4dfb84a5 e-con-full entrance with-overlay e-flex e-con e-parent\" data-id=\"4dfb84a5\" data-element_type=\"container\" data-settings=\"{&quot;background_background&quot;:&quot;classic&quot;}\">\n\t\t\t\t<\/section>\n\t\t<section class=\"elementor-element elementor-element-7115d780 e-con-full container-w p-b-m e-flex e-con e-parent\" data-id=\"7115d780\" data-element_type=\"container\">\n\t\t<div class=\"elementor-element elementor-element-76812697 e-flex e-con-boxed e-con e-child\" data-id=\"76812697\" data-element_type=\"container\">\n\t\t\t\t\t<div class=\"e-con-inner\">\n\t\t\t\t<div class=\"elementor-element elementor-element-6f7bc7ec elementor-widget elementor-widget-heading\" data-id=\"6f7bc7ec\" data-element_type=\"widget\" data-widget_type=\"heading.default\">\n\t\t\t\t<div class=\"elementor-widget-container\">\n\t\t\t<style>\/*! elementor - v3.23.0 - 05-08-2024 *\/\n.elementor-heading-title{padding:0;margin:0;line-height:1}.elementor-widget-heading .elementor-heading-title[class*=elementor-size-]>a{color:inherit;font-size:inherit;line-height:inherit}.elementor-widget-heading .elementor-heading-title.elementor-size-small{font-size:15px}.elementor-widget-heading .elementor-heading-title.elementor-size-medium{font-size:19px}.elementor-widget-heading .elementor-heading-title.elementor-size-large{font-size:29px}.elementor-widget-heading .elementor-heading-title.elementor-size-xl{font-size:39px}.elementor-widget-heading .elementor-heading-title.elementor-size-xxl{font-size:59px}<\/style><h1 class=\"elementor-heading-title elementor-size-default\">Impressum<\/h1>\t\t<\/div>\n\t\t\t\t<\/div>\n\t\t\t\t<div class=\"elementor-element elementor-element-1ac5a839 elementor-hidden-desktop elementor-hidden-tablet elementor-hidden-mobile elementor-widget elementor-widget-heading\" data-id=\"1ac5a839\" data-element_type=\"widget\" data-widget_type=\"heading.default\">\n\t\t\t\t<div class=\"elementor-widget-container\">\n\t\t\t<h4 class=\"elementor-heading-title elementor-size-default\">Carrozzeria Toni &amp; C. S.N.C<\/h4>\t\t<\/div>\n\t\t\t\t<\/div>\n\t\t\t\t<div class=\"elementor-element elementor-element-655f1f22 elementor-widget elementor-widget-text-editor\" data-id=\"655f1f22\" data-element_type=\"widget\" data-widget_type=\"text-editor.default\">\n\t\t\t\t<div class=\"elementor-widget-container\">\n\t\t\t<style>\/*! elementor - v3.23.0 - 05-08-2024 *\/\n.elementor-widget-text-editor.elementor-drop-cap-view-stacked .elementor-drop-cap{background-color:#69727d;color:#fff}.elementor-widget-text-editor.elementor-drop-cap-view-framed .elementor-drop-cap{color:#69727d;border:3px solid;background-color:transparent}.elementor-widget-text-editor:not(.elementor-drop-cap-view-default) .elementor-drop-cap{margin-top:8px}.elementor-widget-text-editor:not(.elementor-drop-cap-view-default) .elementor-drop-cap-letter{width:1em;height:1em}.elementor-widget-text-editor .elementor-drop-cap{float:left;text-align:center;line-height:1;font-size:50px}.elementor-widget-text-editor .elementor-drop-cap-letter{display:inline-block}<\/style>\t\t\t\t<section class=\"impr\"><style>\n    section.impr a {color: var(--e-global-color-text)!important;}<\/style><p><strong>Carrozzeria Toni Srl<\/strong><br \/>Via Isarco 16<br \/>39040 Laion-Post Chiusa<br \/><a href=\"tel:+390472847116\">Tel. 0472 847116 <\/a><br \/><a href=\"tel:+393355704544\">Mob. +39 335 570 4544 <\/a><br \/><a href=\"mailto:info@karosserie-toni.it\">info@karosserie-toni.it<\/a><br \/><a href=\"https:\/\/www.karosserie-toni.it\">www.karosserie-toni.it<\/a><\/p><p>Codice Destinatario: <u>QDZCM9N<\/u><br \/>P. IVA 01219110218<br \/>Cod. Fisc. 01219110218<\/p><p style=\"margin-bottom: 15px;\">Camera di commercio Bolzano<br \/>Numero iscrizione camera di commercio: BZ &#8211; 107594<br \/>Legale rappresentante: Planatscher Fabian<\/p><p><strong>Copyright per le immagini e grafiche utilizzate<\/strong><\/p><ul style=\"list-style: none;\"><li>Fotografen<\/li><\/ul><p style=\"margin-bottom: 15px;\"><strong><br \/>Risoluzione delle controversie<\/strong> <br \/>Informazioni obbligatorie ai sensi del Regolamento UE n. 524\/2013 del Parlamento e Consiglio europeo. Piattaforma per la risoluzione online delle controversie (ODR) della Commissione europea:<br \/><a href=\"http:\/\/ec.europa.eu\/consumers\/odr\/\" target=\"_blank\" rel=\"noopener\">https:\/\/ec.europa.eu\/consumers\/odr\/main\/?event=main.trader.register<\/a><\/p><p><strong>Concetto e realizzazione<\/strong><\/p><p>muwit der sandra stablum<br \/>Citt\u00e1 Alta 60<br \/>39043 Chiusa(BZ)<br \/>Tel. <a href=\"tel:+393471330206\">+39 347 1330206<\/a><br \/>Part. IVA IT02730810211<br \/>Cod. fisc. STB SDR 88 A44 B160 S<br \/><a href=\"mailto:info@muwit.it\">info@muwit.it<\/a><br \/><a href=\"www.muwit.it\" target=\"_blank\" rel=\"noopener\">www.muwit.it<\/a><\/p><p><strong>Responsabile per il contenuto:<br \/><\/strong>Texterin einf\u00fcgen<br \/>Name des Kunden einf\u00fcgen der f\u00fcr den Inhalt verantwortilich ist<\/p><p><strong>Dichiarazione liberatoria:<\/strong><br \/>Responsabilit\u00e0 per i contenuti<br \/>I contenuti delle nostre pagine sono stati redatti, elaborati e controllati scrupolosamente. Tuttavia, non ci assumiamo nessuna responsabilit\u00e0 per la correttezza, qualit\u00e0, completezza e attualit\u00e0 dei contenuti, poich\u00e9 non \u00e8 da escludere che siano cambiati nel tempo. Come prestatori di servizi siamo responsabili per i contenuti di queste pagine in base alla normativa vigente. Nella nostra qualit\u00e0 di prestatori di servizi non siamo per\u00f2 obbligati a controllare l\u2019esattezza di informazioni ricevute o salvate da terzi, o a controllare se sussistano irregolarit\u00e0 che indichino un\u2019attivit\u00e0 illegale. L\u2019obbligo di rimuovere o bloccare l\u2019utilizzo di informazioni secondo la normativa vigente rimane valido. L\u2019assunzione di tale responsabilit\u00e0 \u00e8 tuttavia possibile solamente dopo il momento dell\u2019effettivo riconoscimento da parte nostra di una concreta violazione di diritto. Alla presa d\u2019atto di tali violazioni di legge provvederemo immediatamente alla rimozione dei contenuti in questione.<br \/>Si escludono di principio le rivendicazioni di responsabilit\u00e0 di qualsiasi tipo causate dall\u2019utilizzo di informazioni messe a disposizione, oppure da informazioni errate e\/o incomplete.<\/p><p><strong>Responsabilit\u00e0 per i link<\/strong><br \/>La nostra offerta contiene dei collegamenti ipertestuali con siti web esterni di terzi, sui cui contenuti non possiamo influire. Per questo motivo non forniamo nessuna garanzia sui contenuti dei siti web linkati, indipendentemente dal tipo e dalla natura. Ne \u00e8 responsabile solamente il relativo proprietario o gestore del sito. Un controllo permanente dei contenuti dei siti linkati al presente non \u00e8 fattibile senza concreti punti di riferimento. All\u2019avvenuta conoscenza d\u2019infrazioni contro la legge causate dai siti web linkati, i link in questione saranno subito rimossi.<\/p><p><strong>Copyright<\/strong><br \/>Tutti i contenuti e le opere creati dal web designer e dai gestori del sito sono protetti da copyright. La riproduzione, l\u2019alterazione, la distribuzione e qualsiasi forma di utilizzo, soprattutto per scopi commerciali, al di fuori dei limiti del diritto d\u2019autore, sono severamente vietate e ammesse esclusivamente previa autorizzazione scritta del relativo autore o creatore. Nel caso i contenuti di questa pagina non siano stati creati dal gestore, sono da rispettare i diritti di copyright di terzi. I contenuti redatti da terzi sono contrassegnati come tali. In caso doveste notare una violazione del copyright, vi preghiamo gentilmente di farci pervenire un\u2019apposita segnalazione. All\u2019atto di presa di conoscenza di tali violazioni di legge, i contenuti in questione saranno naturalmente rimossi subito, senza per\u00f2 assumerne nessuna responsabilit\u00e0.<\/p><\/section>\t\t\t\t\t\t<\/div>\n\t\t\t\t<\/div>\n\t\t\t\t\t<\/div>\n\t\t\t\t<\/div>\n\t\t\t\t<\/section>\n\t\t\t\t<\/div>\n\t\t","protected":false},"excerpt":{"rendered":"<p>Impressum Carrozzeria Toni &amp; C. S.N.C Carrozzeria Toni SrlVia Isarco 1639040 Laion-Post ChiusaTel. 0472 847116 Mob. +39 335 570 4544 info@karosserie-toni.itwww.karosserie-toni.it Codice Destinatario: QDZCM9NP. IVA 01219110218Cod. Fisc. 01219110218 Camera di commercio BolzanoNumero iscrizione camera di commercio: BZ &#8211; 107594Legale rappresentante: Planatscher Fabian Copyright per le immagini e grafiche utilizzate Fotografen Risoluzione delle controversie Informazioni obbligatorie [&hellip;]<\/p>\n","protected":false},"author":1,"featured_media":0,"parent":0,"menu_order":0,"comment_status":"closed","ping_status":"closed","template":"","meta":{"footnotes":""},"class_list":["post-809","page","type-page","status-publish","hentry"],"yoast_head":"<!-- This site is optimized with the Yoast SEO plugin v23.2 - https:\/\/yoast.com\/wordpress\/plugins\/seo\/ -->\n<title>Colophon<\/title>\n<meta name=\"description\" content=\"Colophon\" \/>\n<meta name=\"robots\" content=\"index, follow, max-snippet:-1, max-image-preview:large, max-video-preview:-1\" \/>\n<link rel=\"canonical\" href=\"https:\/\/www.karosserie-toni.it\/it\/colophon\/\" \/>\n<meta property=\"og:locale\" content=\"it_IT\" \/>\n<meta property=\"og:type\" content=\"article\" \/>\n<meta property=\"og:title\" content=\"Colophon\" \/>\n<meta property=\"og:description\" content=\"Colophon\" \/>\n<meta property=\"og:url\" content=\"https:\/\/www.karosserie-toni.it\/it\/colophon\/\" \/>\n<meta property=\"og:site_name\" content=\"Karosserie Toni\" \/>\n<meta property=\"article:modified_time\" content=\"2026-04-01T16:48:37+00:00\" \/>\n<meta name=\"twitter:card\" content=\"summary_large_image\" \/>\n<meta name=\"twitter:label1\" content=\"Tempo di lettura stimato\" \/>\n\t<meta name=\"twitter:data1\" content=\"3 minuti\" \/>\n<script type=\"application\/ld+json\" class=\"yoast-schema-graph\">{\"@context\":\"https:\/\/schema.org\",\"@graph\":[{\"@type\":\"WebPage\",\"@id\":\"https:\/\/www.karosserie-toni.it\/it\/colophon\/\",\"url\":\"https:\/\/www.karosserie-toni.it\/it\/colophon\/\",\"name\":\"Colophon\",\"isPartOf\":{\"@id\":\"https:\/\/www.karosserie-toni.it\/it\/#website\"},\"datePublished\":\"2024-09-17T14:40:39+00:00\",\"dateModified\":\"2026-04-01T16:48:37+00:00\",\"description\":\"Colophon\",\"breadcrumb\":{\"@id\":\"https:\/\/www.karosserie-toni.it\/it\/colophon\/#breadcrumb\"},\"inLanguage\":\"it-IT\",\"potentialAction\":[{\"@type\":\"ReadAction\",\"target\":[\"https:\/\/www.karosserie-toni.it\/it\/colophon\/\"]}]},{\"@type\":\"BreadcrumbList\",\"@id\":\"https:\/\/www.karosserie-toni.it\/it\/colophon\/#breadcrumb\",\"itemListElement\":[{\"@type\":\"ListItem\",\"position\":1,\"name\":\"Startseite\",\"item\":\"https:\/\/www.karosserie-toni.it\/it\/\"},{\"@type\":\"ListItem\",\"position\":2,\"name\":\"Impressum\"}]},{\"@type\":\"WebSite\",\"@id\":\"https:\/\/www.karosserie-toni.it\/it\/#website\",\"url\":\"https:\/\/www.karosserie-toni.it\/it\/\",\"name\":\"Karosserie Toni\",\"description\":\"\",\"publisher\":{\"@id\":\"https:\/\/www.karosserie-toni.it\/it\/#organization\"},\"potentialAction\":[{\"@type\":\"SearchAction\",\"target\":{\"@type\":\"EntryPoint\",\"urlTemplate\":\"https:\/\/www.karosserie-toni.it\/it\/?s={search_term_string}\"},\"query-input\":\"required name=search_term_string\"}],\"inLanguage\":\"it-IT\"},{\"@type\":\"Organization\",\"@id\":\"https:\/\/www.karosserie-toni.it\/it\/#organization\",\"name\":\"Karosserie Toni\",\"url\":\"https:\/\/www.karosserie-toni.it\/it\/\",\"logo\":{\"@type\":\"ImageObject\",\"inLanguage\":\"it-IT\",\"@id\":\"https:\/\/www.karosserie-toni.it\/it\/#\/schema\/logo\/image\/\",\"url\":\"https:\/\/www.karosserie-toni.it\/wp-content\/uploads\/2024\/08\/Gruppe-208.svg\",\"contentUrl\":\"https:\/\/www.karosserie-toni.it\/wp-content\/uploads\/2024\/08\/Gruppe-208.svg\",\"width\":511,\"height\":79,\"caption\":\"Karosserie Toni\"},\"image\":{\"@id\":\"https:\/\/www.karosserie-toni.it\/it\/#\/schema\/logo\/image\/\"}}]}<\/script>\n<!-- \/ Yoast SEO plugin. -->","yoast_head_json":{"title":"Colophon","description":"Colophon","robots":{"index":"index","follow":"follow","max-snippet":"max-snippet:-1","max-image-preview":"max-image-preview:large","max-video-preview":"max-video-preview:-1"},"canonical":"https:\/\/www.karosserie-toni.it\/it\/colophon\/","og_locale":"it_IT","og_type":"article","og_title":"Colophon","og_description":"Colophon","og_url":"https:\/\/www.karosserie-toni.it\/it\/colophon\/","og_site_name":"Karosserie Toni","article_modified_time":"2026-04-01T16:48:37+00:00","twitter_card":"summary_large_image","twitter_misc":{"Tempo di lettura stimato":"3 minuti"},"schema":{"@context":"https:\/\/schema.org","@graph":[{"@type":"WebPage","@id":"https:\/\/www.karosserie-toni.it\/it\/colophon\/","url":"https:\/\/www.karosserie-toni.it\/it\/colophon\/","name":"Colophon","isPartOf":{"@id":"https:\/\/www.karosserie-toni.it\/it\/#website"},"datePublished":"2024-09-17T14:40:39+00:00","dateModified":"2026-04-01T16:48:37+00:00","description":"Colophon","breadcrumb":{"@id":"https:\/\/www.karosserie-toni.it\/it\/colophon\/#breadcrumb"},"inLanguage":"it-IT","potentialAction":[{"@type":"ReadAction","target":["https:\/\/www.karosserie-toni.it\/it\/colophon\/"]}]},{"@type":"BreadcrumbList","@id":"https:\/\/www.karosserie-toni.it\/it\/colophon\/#breadcrumb","itemListElement":[{"@type":"ListItem","position":1,"name":"Startseite","item":"https:\/\/www.karosserie-toni.it\/it\/"},{"@type":"ListItem","position":2,"name":"Impressum"}]},{"@type":"WebSite","@id":"https:\/\/www.karosserie-toni.it\/it\/#website","url":"https:\/\/www.karosserie-toni.it\/it\/","name":"Karosserie Toni","description":"","publisher":{"@id":"https:\/\/www.karosserie-toni.it\/it\/#organization"},"potentialAction":[{"@type":"SearchAction","target":{"@type":"EntryPoint","urlTemplate":"https:\/\/www.karosserie-toni.it\/it\/?s={search_term_string}"},"query-input":"required name=search_term_string"}],"inLanguage":"it-IT"},{"@type":"Organization","@id":"https:\/\/www.karosserie-toni.it\/it\/#organization","name":"Karosserie Toni","url":"https:\/\/www.karosserie-toni.it\/it\/","logo":{"@type":"ImageObject","inLanguage":"it-IT","@id":"https:\/\/www.karosserie-toni.it\/it\/#\/schema\/logo\/image\/","url":"https:\/\/www.karosserie-toni.it\/wp-content\/uploads\/2024\/08\/Gruppe-208.svg","contentUrl":"https:\/\/www.karosserie-toni.it\/wp-content\/uploads\/2024\/08\/Gruppe-208.svg","width":511,"height":79,"caption":"Karosserie Toni"},"image":{"@id":"https:\/\/www.karosserie-toni.it\/it\/#\/schema\/logo\/image\/"}}]}},"_links":{"self":[{"href":"https:\/\/www.karosserie-toni.it\/it\/wp-json\/wp\/v2\/pages\/809"}],"collection":[{"href":"https:\/\/www.karosserie-toni.it\/it\/wp-json\/wp\/v2\/pages"}],"about":[{"href":"https:\/\/www.karosserie-toni.it\/it\/wp-json\/wp\/v2\/types\/page"}],"author":[{"embeddable":true,"href":"https:\/\/www.karosserie-toni.it\/it\/wp-json\/wp\/v2\/users\/1"}],"replies":[{"embeddable":true,"href":"https:\/\/www.karosserie-toni.it\/it\/wp-json\/wp\/v2\/comments?post=809"}],"version-history":[{"count":23,"href":"https:\/\/www.karosserie-toni.it\/it\/wp-json\/wp\/v2\/pages\/809\/revisions"}],"predecessor-version":[{"id":1015,"href":"https:\/\/www.karosserie-toni.it\/it\/wp-json\/wp\/v2\/pages\/809\/revisions\/1015"}],"wp:attachment":[{"href":"https:\/\/www.karosserie-toni.it\/it\/wp-json\/wp\/v2\/media?parent=809"}],"curies":[{"name":"wp","href":"https:\/\/api.w.org\/{rel}","templated":true}]}}